{"id":61,"date":"2025-01-23T19:19:09","date_gmt":"2025-01-23T19:19:09","guid":{"rendered":"http:\/\/tipsmarkmaskinstation.dk\/?page_id=61"},"modified":"2025-01-24T13:11:06","modified_gmt":"2025-01-24T13:11:06","slug":"forside","status":"publish","type":"page","link":"https:\/\/tipsmarkmaskinstation.dk\/","title":{"rendered":"Velkommen"},"content":{"rendered":"\n<figure class=\"wp-block-image size-full\"><img loading=\"lazy\" decoding=\"async\" width=\"986\" height=\"246\" src=\"http:\/\/tipsmarkmaskinstation.dk\/wp-content\/uploads\/2025\/01\/Top-Banner.jpg\" alt=\"\" class=\"wp-image-113\"\/><\/figure>\n\n\n\n<p>P\u00e5 Tipsmark Maskinstation er vi solidt funderet i den nordvestjydske muld. Gennem mere end 50 \u00e5r har vor maskinstation v\u00e6ret en seri\u00f8s samarbejdspartner for egnens landm\u00e6nd, og den position satser vi ogs\u00e5 p\u00e5 i fremtiden.<\/p>\n\n\n\n<p>Udgangspunktet for vore maskinstations aktiviteter har altid v\u00e6ret, og vil ogs\u00e5 i fremtiden v\u00e6re, de opgavel\u00f8sninger som egnens landm\u00e6nd eftersp\u00f8rger.<\/p>\n\n\n\n<p>Vi satser p\u00e5 kvalitet, og udskifter hellere en maskine end en medarbejder.<\/p>\n\n\n\n<p>TIPSMARK Maskinstation &#8211; et naturligt valg uanset driftsform.<\/p>\n\n\n\n<p>P\u00e5 vegne af TIPSMARK Maskinstation<br><strong>Erik Loftager<\/strong><\/p>\n","protected":false},"excerpt":{"rendered":"<p>P\u00e5 Tipsmark Maskinstation er vi solidt funderet i den nordvestjydske muld. Gennem mere end 50 \u00e5r har vor maskinstation v\u00e6ret en seri\u00f8s samarbejdspartner for egnens&hellip;<\/p>\n","protected":false},"author":1,"featured_media":0,"parent":0,"menu_order":0,"comment_status":"closed","ping_status":"closed","template":"","meta":{"footnotes":""},"class_list":["post-61","page","type-page","status-publish","hentry"],"_links":{"self":[{"href":"https:\/\/tipsmarkmaskinstation.dk\/index.php?rest_route=\/wp\/v2\/pages\/61","targetHints":{"allow":["GET"]}}],"collection":[{"href":"https:\/\/tipsmarkmaskinstation.dk\/index.php?rest_route=\/wp\/v2\/pages"}],"about":[{"href":"https:\/\/tipsmarkmaskinstation.dk\/index.php?rest_route=\/wp\/v2\/types\/page"}],"author":[{"embeddable":true,"href":"https:\/\/tipsmarkmaskinstation.dk\/index.php?rest_route=\/wp\/v2\/users\/1"}],"replies":[{"embeddable":true,"href":"https:\/\/tipsmarkmaskinstation.dk\/index.php?rest_route=%2Fwp%2Fv2%2Fcomments&post=61"}],"version-history":[{"count":12,"href":"https:\/\/tipsmarkmaskinstation.dk\/index.php?rest_route=\/wp\/v2\/pages\/61\/revisions"}],"predecessor-version":[{"id":156,"href":"https:\/\/tipsmarkmaskinstation.dk\/index.php?rest_route=\/wp\/v2\/pages\/61\/revisions\/156"}],"wp:attachment":[{"href":"https:\/\/tipsmarkmaskinstation.dk\/index.php?rest_route=%2Fwp%2Fv2%2Fmedia&parent=61"}],"curies":[{"name":"wp","href":"https:\/\/api.w.org\/{rel}","templated":true}]}}