{"id":24,"date":"2025-01-23T18:57:52","date_gmt":"2025-01-23T18:57:52","guid":{"rendered":"http:\/\/tipsmarkmaskinstation.dk\/?page_id=24"},"modified":"2025-01-24T12:06:22","modified_gmt":"2025-01-24T12:06:22","slug":"entreprenor","status":"publish","type":"page","link":"https:\/\/tipsmarkmaskinstation.dk\/?page_id=24","title":{"rendered":"Entrepren\u00f8r"},"content":{"rendered":"\n<figure class=\"wp-block-image size-full\"><img loading=\"lazy\" decoding=\"async\" width=\"986\" height=\"246\" src=\"http:\/\/tipsmarkmaskinstation.dk\/wp-content\/uploads\/2025\/01\/Top-Banner.jpg\" alt=\"\" class=\"wp-image-113\"\/><\/figure>\n\n\n\n<p><strong>VEJRENOVERING<\/strong><\/p>\n\n\n\n<p>Betonknusning<\/p>\n\n\n\n<p>Renovering af eksisterende markveje og pladser.<\/p>\n\n\n\n<p>Fr\u00e6sning af asfaltveje m.m.<br>H\u00f8vling og renovering af grusveje<\/p>\n\n\n\n<p><strong>DIVERSE OPGAVER<\/strong><\/p>\n\n\n\n<p>Vi er specialister n\u00e5r gylletanke skal t\u00f8mmes for sand m.m.<br>L\u00e6sning direkte op i staldg\u00f8dningsspreder med teleskopl\u00e6sseren.<\/p>\n\n\n\n<p>Vi er specialister n\u00e5r det g\u00e6lder rensning af dr\u00e6n, reparation, reetablering &#8211; ogs\u00e5 nye dr\u00e6n.<\/p>\n\n\n\n<p>Sandspuledysse og rodsk\u00e6rer.<\/p>\n\n\n\n<p>Hydrema 908 B rendegraver, med udskyderarm.<br>Mange former for specialopgaver.<br>Moderne laserudstyr i forbindelse med dr\u00e6ning.<\/p>\n\n\n\n<p>Cat minigraver.<\/p>\n\n\n\n<p>Etablering af vandl\u00f8b<\/p>\n\n\n\n<p><\/p>\n","protected":false},"excerpt":{"rendered":"<p>VEJRENOVERING Betonknusning Renovering af eksisterende markveje og pladser. Fr\u00e6sning af asfaltveje m.m.H\u00f8vling og renovering af grusveje DIVERSE OPGAVER Vi er specialister n\u00e5r gylletanke skal t\u00f8mmes&hellip;<\/p>\n","protected":false},"author":1,"featured_media":0,"parent":0,"menu_order":0,"comment_status":"closed","ping_status":"closed","template":"","meta":{"footnotes":""},"class_list":["post-24","page","type-page","status-publish","hentry"],"_links":{"self":[{"href":"https:\/\/tipsmarkmaskinstation.dk\/index.php?rest_route=\/wp\/v2\/pages\/24","targetHints":{"allow":["GET"]}}],"collection":[{"href":"https:\/\/tipsmarkmaskinstation.dk\/index.php?rest_route=\/wp\/v2\/pages"}],"about":[{"href":"https:\/\/tipsmarkmaskinstation.dk\/index.php?rest_route=\/wp\/v2\/types\/page"}],"author":[{"embeddable":true,"href":"https:\/\/tipsmarkmaskinstation.dk\/index.php?rest_route=\/wp\/v2\/users\/1"}],"replies":[{"embeddable":true,"href":"https:\/\/tipsmarkmaskinstation.dk\/index.php?rest_route=%2Fwp%2Fv2%2Fcomments&post=24"}],"version-history":[{"count":4,"href":"https:\/\/tipsmarkmaskinstation.dk\/index.php?rest_route=\/wp\/v2\/pages\/24\/revisions"}],"predecessor-version":[{"id":135,"href":"https:\/\/tipsmarkmaskinstation.dk\/index.php?rest_route=\/wp\/v2\/pages\/24\/revisions\/135"}],"wp:attachment":[{"href":"https:\/\/tipsmarkmaskinstation.dk\/index.php?rest_route=%2Fwp%2Fv2%2Fmedia&parent=24"}],"curies":[{"name":"wp","href":"https:\/\/api.w.org\/{rel}","templated":true}]}}