{"id":11,"date":"2025-01-23T18:52:57","date_gmt":"2025-01-23T18:52:57","guid":{"rendered":"http:\/\/tipsmarkmaskinstation.dk\/?page_id=11"},"modified":"2025-01-24T12:15:24","modified_gmt":"2025-01-24T12:15:24","slug":"landbrug","status":"publish","type":"page","link":"https:\/\/tipsmarkmaskinstation.dk\/?page_id=11","title":{"rendered":"Landbrug"},"content":{"rendered":"\n<figure class=\"wp-block-image size-full\"><img loading=\"lazy\" decoding=\"async\" width=\"986\" height=\"246\" src=\"http:\/\/tipsmarkmaskinstation.dk\/wp-content\/uploads\/2025\/01\/Top-Banner.jpg\" alt=\"\" class=\"wp-image-113\"\/><\/figure>\n\n\n\n<p><strong>S\u00c5NING<\/strong><br>PLANERING, DIRECT S\u00c5NING OG PLACERING AF G\u00d8DNING<\/p>\n\n\n\n<p>S\u00e5ning af korn og fr\u00f8 samt placering af flydende g\u00f8dning i en arbejdsgang.<br>Grubbes\u00e5ning af raps.<br>Mulighed for udl\u00e6gning af sneglegift og placering af g\u00f8dning.<\/p>\n\n\n\n<p><strong>PL\u00d8JNING<\/strong><br>Pl\u00f8jning med halvbugseret Kverneland vendeplov, med variabel fugebredde.<\/p>\n\n\n\n<p>Pl\u00f8jning til kant.<\/p>\n\n\n\n<p><strong>HUSDYRG\u00d8DNING<\/strong><br>Nedf\u00e6ldning af gylle i gr\u00e6s med autostyring 2,5 cm n\u00f8jagtighed.<\/p>\n\n\n\n<p>Nedf\u00e6ldning af gylle med autostyring 2-3 cm n\u00f8jagtighed = ingen overlapning.<br>16 meters arbejdsbrede.<\/p>\n\n\n\n<p>Nedf\u00e6ldning i gr\u00e6smark<\/p>\n\n\n\n<p>16 m gylle nedf\u00e6lder til korn og gr\u00e6s.<\/p>\n\n\n\n<p>25 tons gylle nedf\u00e6ldet i v\u00e5rbyg.<\/p>\n\n\n\n<p>25 kbm. Samson gyllevogn, med sl\u00e6beslanger. Udl\u00e6gning fra 12 til 24 meter med slangebom.<br>Begge vogne kan g\u00e5 ned i 5 meter dybe gylletanke.<\/p>\n\n\n\n<p>Flexibel gyller\u00f8rer. Kan g\u00e5 i de fleste fortanke.<br>Velegnet til specialopgaver.<br>Stor r\u00f8rekapacitet.<\/p>\n\n\n\n<p>Selvl\u00e6ssende 20 tons Samson gyllevogn, k\u00f8rselsafh\u00e6ngig dosering. Den forreste bogieaksel er udskydelig, sporvidden \u00f8ges med 800 mm. &#8211; hvilket giver f\u00e6rre overk\u00f8rsler i sporet. Den drejbare bagaksel g\u00f8r gyllevognen sk\u00e5nsom ved enderne, hvilket er en markant fordel i gr\u00e6smarkerne.<br>7.2 meter sortjordsnedf\u00e6lder med spaderulleefterharve.<\/p>\n\n\n\n<p>RKM-spreder, 22 kbm, med kantspredningsudstyr, drejbar bagaksel og 800 mm. d\u00e6kmontering.<\/p>\n\n\n\n<p>Overfaldsgrab til dybstr\u00f8else.<\/p>\n\n\n\n<p><strong>G\u00d8DNING OG KALK<\/strong><br>Vi kan tilbyde nedf\u00e6ldning af flydende ammoniak med 25 tands Agrodan nedf\u00e6lder.<br>Udnyt placeringseffekten.<br>Ammoniak har altid v\u00e6ret en sikker kv\u00e6lstofkilde.<br>Ammoniakken kan faktureres direkte igennem os.<\/p>\n\n\n\n<p>Spredning af kalk. Spredebredde op til 16 meter.<\/p>\n\n\n\n<p><strong>MAJS<\/strong><br>3-akslet afskubbervogn.<br>S\u00e5ning med 8 r\u00e6kket Amazone majss\u00e5maskine. Ny model \u00e5rgang 2004.<br>H\u00f8stning af majs.<br>Majsfinsnitter med r\u00e6kkeuafh\u00e6ngig majsbord.<\/p>\n\n\n\n<p><strong>GR\u00c6S<\/strong><br>3-akslet afskubbervogn.<\/p>\n\n\n\n<p>Sk\u00e5rl\u00e6gning med Kuhn Mower Conditioners, triplemower med 8.80 meter arbejdsbredde, bredspredning eller i sk\u00e5r.<\/p>\n\n\n\n<p>Claas Storrive 12.5 meter med 4 rotorer maksimerer udnyttelsen af finsnitterens store kapacitet. Model 2004.<\/p>\n\n\n\n<p>Arbejdsh\u00f8jden p\u00e5 storriven indstilles p\u00e5 storsk\u00e6rm inde i traktoren p\u00e5 hver enkelt rotor under k\u00f8rsel, afh\u00e6ngig af om man k\u00f8rer i forager eller ved forekomst af muldvarpeskud. Det er lig med mindre jord i ensilagen.<\/p>\n\n\n\n<p>Snitning af gr\u00e6s og hels\u00e6d med selvk\u00f8rende finsnitter.<br>M\u00e6lkesyre kan tils\u00e6ttes.<\/p>\n\n\n\n<p>Gummiged, Komatsu WA 270. 62 cm. brede d\u00e6k med industrim\u00f8nster. Ideel maskine til entrepren\u00f8ropgaver og stor kapacitet i ensilagestakken.<\/p>\n\n\n\n<p><strong>WRAPNING<\/strong><br>Wrapning af gr\u00e6s og hels\u00e6d i madpakker.<\/p>\n\n\n\n<p><strong>H\u00d8ST OG SK\u00c5RL\u00c6GNING<\/strong><br>Sk\u00e5rl\u00e6gning af raps, fr\u00f8 og hels\u00e6d med Mac Don, 14 til 18 fods arbejdsbredde.<br>Reduceret fr\u00f8spild med midterindf\u00f8ring i sk\u00e6rebordet p\u00e5 optil 25 fod.<\/p>\n\n\n\n<p>Sk\u00e5rl\u00e6gning af hels\u00e6d med mulighed for sammenl\u00e6gning af 2 sk\u00e5r.<\/p>\n\n\n\n<p>Sk\u00e5rl\u00e6gning af raps med 25 f sk\u00e6rebor Med 25 f sk\u00e5rl\u00e6gger f\u00e5r du sk\u00e5ret ind midt sk\u00e6reboret p\u00e5 mejet\u00e6rskeren<\/p>\n\n\n\n<p>Sk\u00e5rl\u00e6gning af fr\u00f8gr\u00e6s.<\/p>\n\n\n\n<p>H\u00f8stning af specialafgr\u00f8der med b\u00e6ltepicup.<\/p>\n\n\n\n<p><strong>HALMH\u00c5NDTERING<\/strong><br>3 x 4900 HESSTON bigballepresser med opsamlervogn.<br>1 x 4860 HESSTON minibigballer m\/u snitter.<br>Fugtighedsm\u00e5ler i presserkanal, s\u00e5 vi altid kan se hvor vandprocenten ligger.<\/p>\n\n\n\n<p><strong>K\u00d8B OG SALG AF HALM<\/strong><br>&#8211; Vi har altid prima halm p\u00e5 lager.<\/p>\n\n\n\n<p><strong>HEGNSKLIPNING<\/strong><br>Topklipning af h\u00e6k og tr\u00e6er.<\/p>\n\n\n\n<p>Med de 4 savklinger opn\u00e5s et rent snit i grene op til 20 cm.<\/p>\n\n\n\n<p>Spearhead hegnsklipper med teleskoparm &#8211; stor r\u00e6kkevidde, med savklinger eller hammerslagler.<\/p>\n\n\n\n<p>Med slagleenheden efterlades grenene som flis og arbejdet med oprydning og afbr\u00e6nding undg\u00e5s.<\/p>\n\n\n\n<p><\/p>\n","protected":false},"excerpt":{"rendered":"<p>S\u00c5NINGPLANERING, DIRECT S\u00c5NING OG PLACERING AF G\u00d8DNING S\u00e5ning af korn og fr\u00f8 samt placering af flydende g\u00f8dning i en arbejdsgang.Grubbes\u00e5ning af raps.Mulighed for udl\u00e6gning af&hellip;<\/p>\n","protected":false},"author":1,"featured_media":0,"parent":0,"menu_order":0,"comment_status":"closed","ping_status":"closed","template":"","meta":{"footnotes":""},"class_list":["post-11","page","type-page","status-publish","hentry"],"_links":{"self":[{"href":"https:\/\/tipsmarkmaskinstation.dk\/index.php?rest_route=\/wp\/v2\/pages\/11","targetHints":{"allow":["GET"]}}],"collection":[{"href":"https:\/\/tipsmarkmaskinstation.dk\/index.php?rest_route=\/wp\/v2\/pages"}],"about":[{"href":"https:\/\/tipsmarkmaskinstation.dk\/index.php?rest_route=\/wp\/v2\/types\/page"}],"author":[{"embeddable":true,"href":"https:\/\/tipsmarkmaskinstation.dk\/index.php?rest_route=\/wp\/v2\/users\/1"}],"replies":[{"embeddable":true,"href":"https:\/\/tipsmarkmaskinstation.dk\/index.php?rest_route=%2Fwp%2Fv2%2Fcomments&post=11"}],"version-history":[{"count":6,"href":"https:\/\/tipsmarkmaskinstation.dk\/index.php?rest_route=\/wp\/v2\/pages\/11\/revisions"}],"predecessor-version":[{"id":139,"href":"https:\/\/tipsmarkmaskinstation.dk\/index.php?rest_route=\/wp\/v2\/pages\/11\/revisions\/139"}],"wp:attachment":[{"href":"https:\/\/tipsmarkmaskinstation.dk\/index.php?rest_route=%2Fwp%2Fv2%2Fmedia&parent=11"}],"curies":[{"name":"wp","href":"https:\/\/api.w.org\/{rel}","templated":true}]}}